{"id":11,"date":"2026-03-09T15:03:43","date_gmt":"2026-03-09T15:03:43","guid":{"rendered":"https:\/\/www.jdipgt.sa.com\/?page_id=11"},"modified":"2026-03-10T14:16:45","modified_gmt":"2026-03-10T14:16:45","slug":"trang-chu-alo8","status":"publish","type":"page","link":"https:\/\/www.jdipgt.sa.com\/","title":{"rendered":"Trang ch\u1ee7 Alo8"},"content":{"rendered":"\n\t<section class=\"section\" id=\"section_275632080\">\n\t\t<div class=\"section-bg fill\" >\n\t\t\t\t\t\t\t\t\t\n\t\t\t\n\n\t\t<\/div>\n\n\t\t\n\n\t\t<div class=\"section-content relative\">\n\t\t\t\n<div class=\"row\"  id=\"row-166846022\">\n\n\t<div id=\"col-2008497670\" class=\"col small-12 large-12\"  >\n\t\t\t\t<div class=\"col-inner\"  >\n\t\t\t\n\t\t\t\n\t<div class=\"img has-hover x md-x lg-x y md-y lg-y\" id=\"image_2088645480\">\n\t\t\t\t\t\t\t\t<div class=\"img-inner dark\" >\n\t\t\t<img loading=\"lazy\" decoding=\"async\" width=\"1920\" height=\"600\" src=\"https:\/\/www.jdipgt.sa.com\/wp-content\/uploads\/2026\/03\/ALO8-2.png\" class=\"attachment-original size-original\" alt=\"banner-alo8\" srcset=\"https:\/\/www.jdipgt.sa.com\/wp-content\/uploads\/2026\/03\/ALO8-2.png 1920w, https:\/\/www.jdipgt.sa.com\/wp-content\/uploads\/2026\/03\/ALO8-2-300x94.png 300w, https:\/\/www.jdipgt.sa.com\/wp-content\/uploads\/2026\/03\/ALO8-2-1024x320.png 1024w, https:\/\/www.jdipgt.sa.com\/wp-content\/uploads\/2026\/03\/ALO8-2-768x240.png 768w, https:\/\/www.jdipgt.sa.com\/wp-content\/uploads\/2026\/03\/ALO8-2-1536x480.png 1536w\" sizes=\"auto, (max-width: 1920px) 100vw, 1920px\" \/>\t\t\t\t\t\t\n\t\t\t\t\t<\/div>\n\t\t\t\t\t\t\t\t\n<style>\n#image_2088645480 {\n  width: 100%;\n}\n<\/style>\n\t<\/div>\n\t\n<h1 style=\"text-align: center;\"><strong>ALO8 &#8211; Trang Ch\u1ee7 C\u1ed5ng Game ALO8 Ch\u00ednh Th\u1ee9c | \u0110\u0103ng K\u00fd T\u1eb7ng +88K<\/strong><\/h1>\n<p><a href=\"https:\/\/www.jdipgt.sa.com\/\"><strong data-start=\"0\" data-end=\"8\" data-is-only-node=\"\">ALO8<\/strong><\/a> l\u00e0 c\u1ed5ng game tr\u1ef1c tuy\u1ebfn \u0111ang \u0111\u01b0\u1ee3c nhi\u1ec1u ng\u01b0\u1eddi ch\u01a1i quan t\u00e2m nh\u1edd h\u1ec7 sinh th\u00e1i tr\u00f2 ch\u01a1i \u0111a d\u1ea1ng c\u00f9ng tr\u1ea3i nghi\u1ec7m gi\u1ea3i tr\u00ed \u1ed5n \u0111\u1ecbnh. Trong b\u1ed1i c\u1ea3nh th\u1ecb tr\u01b0\u1eddng game \u0111\u1ed5i th\u01b0\u1edfng ph\u00e1t tri\u1ec3n m\u1ea1nh, nhi\u1ec1u c\u1ed9ng \u0111\u1ed3ng game th\u1ee7 \u0111\u00e1nh gi\u00e1 <strong data-start=\"231\" data-end=\"239\">ALO8<\/strong> l\u00e0 n\u1ec1n t\u1ea3ng c\u00f3 giao di\u1ec7n th\u00e2n thi\u1ec7n, t\u1ed1c \u0111\u1ed9 t\u1ea3i trang nhanh v\u00e0 d\u1ec5 thao t\u00e1c ngay c\u1ea3 v\u1edbi ng\u01b0\u1eddi m\u1edbi. Theo th\u1ed1ng k\u00ea t\u1eeb m\u1ed9t s\u1ed1 di\u1ec5n \u0111\u00e0n game, m\u1ed7i ng\u00e0y h\u1ec7 th\u1ed1ng c\u00f3 th\u1ec3 ghi nh\u1eadn <strong data-start=\"411\" data-end=\"444\">h\u00e0ng ch\u1ee5c ngh\u00ecn l\u01b0\u1ee3t truy c\u1eadp<\/strong>, \u0111\u1eb7c bi\u1ec7t v\u00e0o khung gi\u1edd cao \u0111i\u1ec3m bu\u1ed5i t\u1ed1i. Kh\u00f4ng ch\u1ec9 cung c\u1ea5p c\u00e1c tr\u00f2 ch\u01a1i ph\u1ed5 bi\u1ebfn nh\u01b0 <strong data-start=\"533\" data-end=\"589\">slot n\u1ed5 h\u0169, game b\u00e0i \u0111\u1ed5i th\u01b0\u1edfng, b\u1eafn c\u00e1 v\u00e0 mini game<\/strong>, ALO8 c\u00f2n thu h\u00fat ng\u01b0\u1eddi ch\u01a1i v\u1edbi ch\u01b0\u01a1ng tr\u00ecnh <strong data-start=\"636\" data-end=\"657\">\u0111\u0103ng k\u00fd t\u1eb7ng +88K<\/strong> gi\u00fap h\u1ed9i vi\u00ean m\u1edbi c\u00f3 th\u1ec3 tr\u1ea3i nghi\u1ec7m d\u1ecbch v\u1ee5 m\u00e0 kh\u00f4ng c\u1ea7n n\u1ea1p qu\u00e1 nhi\u1ec1u v\u1ed1n ban \u0111\u1ea7u. Nh\u1edd s\u1ef1 k\u1ebft h\u1ee3p gi\u1eefa kho game phong ph\u00fa, giao d\u1ecbch nhanh v\u00e0 nhi\u1ec1u \u01b0u \u0111\u00e3i h\u1ea5p d\u1eabn, <strong data-start=\"824\" data-end=\"832\">ALO8<\/strong> \u0111ang d\u1ea7n tr\u1edf th\u00e0nh \u0111i\u1ec3m \u0111\u1ebfn gi\u1ea3i tr\u00ed quen thu\u1ed9c c\u1ee7a c\u1ed9ng \u0111\u1ed3ng game tr\u1ef1c tuy\u1ebfn.<\/p>\n<div class=\"container section-title-container\" ><h2 class=\"section-title section-title-center\"><b><\/b><span class=\"section-title-main\" >ALO8 gi\u1ea3i \u0111\u00e1p c\u00e2u h\u1ecfi th\u01b0\u1eddng g\u1eb7p - FAQ<\/span><b><\/b><\/h2><\/div>\n<div class=\"accordion\">\n\t<div id=\"accordion-2136864757\" class=\"accordion-item\">\n\t\t<a id=\"accordion-2136864757-label\" class=\"accordion-title plain\" href=\"#accordion-item-alo8-l\u00e0-g\u00ec?-c\u00f3-uy-t\u00edn-kh\u00f4ng?\" aria-expanded=\"false\" aria-controls=\"accordion-2136864757-content\" >\n\t\t\t<button class=\"toggle\" aria-label=\"Chuy\u1ec3n \u0111\u1ed5i\"><i class=\"icon-angle-down\"><\/i><\/button>\n\t\t\t<span>ALO8 l\u00e0 g\u00ec? C\u00f3 uy t\u00edn kh\u00f4ng?<\/span>\n\t\t<\/a>\n\t\t<div id=\"accordion-2136864757-content\" class=\"accordion-inner\" aria-labelledby=\"accordion-2136864757-label\" >\n\t\t\t\n<p><strong data-start=\"161\" data-end=\"169\">ALO8<\/strong> l\u00e0 m\u1ed9t c\u1ed5ng game tr\u1ef1c tuy\u1ebfn cung c\u1ea5p \u0111a d\u1ea1ng c\u00e1c th\u1ec3 lo\u1ea1i tr\u00f2 ch\u01a1i gi\u1ea3i tr\u00ed nh\u01b0 slot n\u1ed5 h\u0169, game b\u00e0i, b\u1eafn c\u00e1 v\u00e0 mini game \u0111\u1ed5i th\u01b0\u1edfng. N\u1ec1n t\u1ea3ng n\u00e0y \u0111\u01b0\u1ee3c x\u00e2y d\u1ef1ng v\u1edbi giao di\u1ec7n th\u00e2n thi\u1ec7n, d\u1ec5 thao t\u00e1c v\u00e0 t\u1ed1c \u0111\u1ed9 x\u1eed l\u00fd giao d\u1ecbch nhanh, mang \u0111\u1ebfn tr\u1ea3i nghi\u1ec7m m\u01b0\u1ee3t m\u00e0 cho ng\u01b0\u1eddi ch\u01a1i. V\u1ec1 \u0111\u1ed9 uy t\u00edn, <strong data-start=\"461\" data-end=\"469\">ALO8<\/strong> \u0111\u01b0\u1ee3c \u0111\u00e1nh gi\u00e1 cao trong c\u1ed9ng \u0111\u1ed3ng game th\u1ee7 nh\u1edd h\u1ec7 th\u1ed1ng b\u1ea3o m\u1eadt th\u00f4ng tin hi\u1ec7n \u0111\u1ea1i, giao d\u1ecbch minh b\u1ea1ch v\u00e0 d\u1ecbch v\u1ee5 ch\u0103m s\u00f3c kh\u00e1ch h\u00e0ng ho\u1ea1t \u0111\u1ed9ng 24\/7, gi\u00fap ng\u01b0\u1eddi ch\u01a1i y\u00ean t\u00e2m khi tr\u1ea3i nghi\u1ec7m.<\/p>\n\t\t<\/div>\n\t<\/div>\n\t\n\t<div id=\"accordion-2822707058\" class=\"accordion-item\">\n\t\t<a id=\"accordion-2822707058-label\" class=\"accordion-title plain\" href=\"#accordion-item-alo8-cung-c\u1ea5p-nh\u1eefng-tr\u00f2-ch\u01a1i-n\u00e0o?\" aria-expanded=\"false\" aria-controls=\"accordion-2822707058-content\" >\n\t\t\t<button class=\"toggle\" aria-label=\"Chuy\u1ec3n \u0111\u1ed5i\"><i class=\"icon-angle-down\"><\/i><\/button>\n\t\t\t<span>ALO8 cung c\u1ea5p nh\u1eefng tr\u00f2 ch\u01a1i n\u00e0o?<\/span>\n\t\t<\/a>\n\t\t<div id=\"accordion-2822707058-content\" class=\"accordion-inner\" aria-labelledby=\"accordion-2822707058-label\" >\n\t\t\t\n<p>H\u1ec7 sinh th\u00e1i tr\u00f2 ch\u01a1i t\u1ea1i <strong data-start=\"733\" data-end=\"741\">ALO8<\/strong> r\u1ea5t \u0111a d\u1ea1ng \u0111\u1ec3 \u0111\u00e1p \u1ee9ng nhu c\u1ea7u gi\u1ea3i tr\u00ed c\u1ee7a ng\u01b0\u1eddi ch\u01a1i. N\u1ec1n t\u1ea3ng cung c\u1ea5p c\u00e1c tr\u00f2 slot n\u1ed5 h\u0169 v\u1edbi nhi\u1ec1u ch\u1ee7 \u0111\u1ec1 h\u1ea5p d\u1eabn, game b\u00e0i \u0111\u1ed5i th\u01b0\u1edfng ph\u1ed5 bi\u1ebfn nh\u01b0 ti\u1ebfn l\u00ean, poker hay m\u1eadu binh, b\u1eafn c\u00e1 gi\u1ea3i tr\u00ed v\u00e0 nhi\u1ec1u mini game th\u00fa v\u1ecb kh\u00e1c. S\u1ef1 \u0111a d\u1ea1ng n\u00e0y gi\u00fap ng\u01b0\u1eddi ch\u01a1i d\u1ec5 d\u00e0ng l\u1ef1a ch\u1ecdn tr\u00f2 ch\u01a1i ph\u00f9 h\u1ee3p v\u1edbi s\u1edf th\u00edch v\u00e0 t\u0103ng c\u01a1 h\u1ed9i tr\u1ea3i nghi\u1ec7m c\u00e1c th\u1ec3 lo\u1ea1i game kh\u00e1c nhau m\u00e0 kh\u00f4ng b\u1ecb nh\u00e0m ch\u00e1n.<\/p>\n\t\t<\/div>\n\t<\/div>\n\t\n\t<div id=\"accordion-766460622\" class=\"accordion-item\">\n\t\t<a id=\"accordion-766460622-label\" class=\"accordion-title plain\" href=\"#accordion-item-l\u00e0m-th\u1ebf-n\u00e0o-\u0111\u1ec3-\u0111\u0103ng-k\u00fd-t\u00e0i-kho\u1ea3n-alo8?\" aria-expanded=\"false\" aria-controls=\"accordion-766460622-content\" >\n\t\t\t<button class=\"toggle\" aria-label=\"Chuy\u1ec3n \u0111\u1ed5i\"><i class=\"icon-angle-down\"><\/i><\/button>\n\t\t\t<span>L\u00e0m th\u1ebf n\u00e0o \u0111\u1ec3 \u0111\u0103ng k\u00fd t\u00e0i kho\u1ea3n ALO8?<\/span>\n\t\t<\/a>\n\t\t<div id=\"accordion-766460622-content\" class=\"accordion-inner\" aria-labelledby=\"accordion-766460622-label\" >\n\t\t\t\n<p>Quy tr\u00ecnh \u0111\u0103ng k\u00fd t\u00e0i kho\u1ea3n t\u1ea1i <strong data-start=\"1210\" data-end=\"1218\">ALO8<\/strong> kh\u00e1 \u0111\u01a1n gi\u1ea3n v\u00e0 nhanh ch\u00f3ng. Ng\u01b0\u1eddi ch\u01a1i ch\u1ec9 c\u1ea7n truy c\u1eadp trang ch\u1ee7, nh\u1ea5n n\u00fat <strong data-start=\"1296\" data-end=\"1307\">\u0110\u0103ng k\u00fd<\/strong>, \u0111i\u1ec1n c\u00e1c th\u00f4ng tin c\u01a1 b\u1ea3n g\u1ed3m t\u00ean \u0111\u0103ng nh\u1eadp, m\u1eadt kh\u1ea9u, s\u1ed1 \u0111i\u1ec7n tho\u1ea1i v\u00e0 email. Sau khi x\u00e1c nh\u1eadn m\u00e3 OTP ho\u1eb7c email, t\u00e0i kho\u1ea3n s\u1ebd \u0111\u01b0\u1ee3c k\u00edch ho\u1ea1t v\u00e0 ng\u01b0\u1eddi ch\u01a1i c\u00f3 th\u1ec3 b\u1eaft \u0111\u1ea7u tr\u1ea3i nghi\u1ec7m c\u00e1c tr\u00f2 ch\u01a1i ngay l\u1eadp t\u1ee9c. To\u00e0n b\u1ed9 qu\u00e1 tr\u00ecnh th\u01b0\u1eddng ch\u1ec9 m\u1ea5t t\u1eeb 1\u20132 ph\u00fat v\u00e0 ph\u00f9 h\u1ee3p ngay c\u1ea3 v\u1edbi ng\u01b0\u1eddi m\u1edbi.<\/p>\n\t\t<\/div>\n\t<\/div>\n\t\n\t<div id=\"accordion-4137700605\" class=\"accordion-item\">\n\t\t<a id=\"accordion-4137700605-label\" class=\"accordion-title plain\" href=\"#accordion-item-ng\u01b0\u1eddi-m\u1edbi-c\u00f3-\u0111\u01b0\u1ee3c-\u01b0u-\u0111\u00e3i-g\u00ec-khi-tham-gia-alo8-kh\u00f4ng?\" aria-expanded=\"false\" aria-controls=\"accordion-4137700605-content\" >\n\t\t\t<button class=\"toggle\" aria-label=\"Chuy\u1ec3n \u0111\u1ed5i\"><i class=\"icon-angle-down\"><\/i><\/button>\n\t\t\t<span>Ng\u01b0\u1eddi m\u1edbi c\u00f3 \u0111\u01b0\u1ee3c \u01b0u \u0111\u00e3i g\u00ec khi tham gia ALO8 kh\u00f4ng?<\/span>\n\t\t<\/a>\n\t\t<div id=\"accordion-4137700605-content\" class=\"accordion-inner\" aria-labelledby=\"accordion-4137700605-label\" >\n\t\t\t\n<p>Ng\u01b0\u1eddi ch\u01a1i m\u1edbi khi tham gia <strong data-start=\"1691\" data-end=\"1699\">ALO8<\/strong> th\u01b0\u1eddng nh\u1eadn \u0111\u01b0\u1ee3c nhi\u1ec1u \u01b0u \u0111\u00e3i h\u1ea5p d\u1eabn. M\u1ed9t trong nh\u1eefng ch\u01b0\u01a1ng tr\u00ecnh n\u1ed5i b\u1eadt l\u00e0 <strong data-start=\"1779\" data-end=\"1800\">\u0111\u0103ng k\u00fd t\u1eb7ng +88K<\/strong>, gi\u00fap h\u1ed9i vi\u00ean m\u1edbi c\u00f3 th\u00eam v\u1ed1n \u0111\u1ec3 tr\u1ea3i nghi\u1ec7m tr\u00f2 ch\u01a1i ngay t\u1eeb \u0111\u1ea7u m\u00e0 kh\u00f4ng c\u1ea7n n\u1ea1p qu\u00e1 nhi\u1ec1u ti\u1ec1n. B\u00ean c\u1ea1nh \u0111\u00f3, n\u1ec1n t\u1ea3ng c\u00f2n c\u00f3 c\u00e1c ch\u01b0\u01a1ng tr\u00ecnh ho\u00e0n ti\u1ec1n, th\u01b0\u1edfng n\u1ea1p l\u1ea7n \u0111\u1ea7u v\u00e0 khuy\u1ebfn m\u00e3i gi\u1edbi thi\u1ec7u b\u1ea1n b\u00e8, gi\u00fap ng\u01b0\u1eddi ch\u01a1i t\u0103ng c\u01a1 h\u1ed9i tham gia nhi\u1ec1u tr\u00f2 ch\u01a1i h\u01a1n v\u1edbi chi ph\u00ed h\u1ee3p l\u00fd.<\/p>\n\t\t<\/div>\n\t<\/div>\n\t\n\t<div id=\"accordion-1814122268\" class=\"accordion-item\">\n\t\t<a id=\"accordion-1814122268-label\" class=\"accordion-title plain\" href=\"#accordion-item-khi-g\u1eb7p-s\u1ef1-c\u1ed1-ph\u1ea3i-li\u00ean-h\u1ec7-alo8-nh\u01b0-n\u00e0o?\" aria-expanded=\"false\" aria-controls=\"accordion-1814122268-content\" >\n\t\t\t<button class=\"toggle\" aria-label=\"Chuy\u1ec3n \u0111\u1ed5i\"><i class=\"icon-angle-down\"><\/i><\/button>\n\t\t\t<span>Khi g\u1eb7p s\u1ef1 c\u1ed1 ph\u1ea3i li\u00ean h\u1ec7 ALO8 nh\u01b0 n\u00e0o?<\/span>\n\t\t<\/a>\n\t\t<div id=\"accordion-1814122268-content\" class=\"accordion-inner\" aria-labelledby=\"accordion-1814122268-label\" >\n\t\t\t\n<p>N\u1ebfu g\u1eb7p s\u1ef1 c\u1ed1 nh\u01b0 l\u1ed7i \u0111\u0103ng nh\u1eadp, ch\u1eadm giao d\u1ecbch n\u1ea1p\/r\u00fat ti\u1ec1n hay v\u1ea5n \u0111\u1ec1 v\u1ec1 t\u00e0i kho\u1ea3n, ng\u01b0\u1eddi ch\u01a1i c\u00f3 th\u1ec3 li\u00ean h\u1ec7 tr\u1ef1c ti\u1ebfp v\u1edbi b\u1ed9 ph\u1eadn ch\u0103m s\u00f3c kh\u00e1ch h\u00e0ng c\u1ee7a <strong data-start=\"2296\" data-end=\"2304\">ALO8<\/strong>. H\u1ec7 th\u1ed1ng h\u1ed7 tr\u1ee3 nhi\u1ec1u k\u00eanh nh\u01b0 <strong data-start=\"2337\" data-end=\"2397\">live chat tr\u00ean website, Telegram ho\u1eb7c fanpage ch\u00ednh th\u1ee9c<\/strong>, v\u1edbi \u0111\u1ed9i ng\u0169 ho\u1ea1t \u0111\u1ed9ng <strong data-start=\"2421\" data-end=\"2429\">24\/7<\/strong>, \u0111\u1ea3m b\u1ea3o c\u00e1c v\u1ea5n \u0111\u1ec1 c\u1ee7a ng\u01b0\u1eddi ch\u01a1i \u0111\u01b0\u1ee3c ti\u1ebfp nh\u1eadn v\u00e0 x\u1eed l\u00fd nhanh ch\u00f3ng, gi\u00fap tr\u1ea3i nghi\u1ec7m ch\u01a1i game kh\u00f4ng b\u1ecb gi\u00e1n \u0111o\u1ea1n.<\/p>\n\t\t<\/div>\n\t<\/div>\n\t\n<\/div>\n\t\t<\/div>\n\t\t\t\t\t<\/div>\n\n\t\n<\/div>\n\t\t<\/div>\n\n\t\t\n<style>\n#section_275632080 {\n  padding-top: 30px;\n  padding-bottom: 30px;\n}\n<\/style>\n\t<\/section>\n\t\n","protected":false},"excerpt":{"rendered":"","protected":false},"author":1,"featured_media":0,"parent":0,"menu_order":0,"comment_status":"closed","ping_status":"closed","template":"","meta":{"footnotes":""},"class_list":["post-11","page","type-page","status-publish","hentry"],"_links":{"self":[{"href":"https:\/\/www.jdipgt.sa.com\/index.php\/wp-json\/wp\/v2\/pages\/11","targetHints":{"allow":["GET"]}}],"collection":[{"href":"https:\/\/www.jdipgt.sa.com\/index.php\/wp-json\/wp\/v2\/pages"}],"about":[{"href":"https:\/\/www.jdipgt.sa.com\/index.php\/wp-json\/wp\/v2\/types\/page"}],"author":[{"embeddable":true,"href":"https:\/\/www.jdipgt.sa.com\/index.php\/wp-json\/wp\/v2\/users\/1"}],"replies":[{"embeddable":true,"href":"https:\/\/www.jdipgt.sa.com\/index.php\/wp-json\/wp\/v2\/comments?post=11"}],"version-history":[{"count":7,"href":"https:\/\/www.jdipgt.sa.com\/index.php\/wp-json\/wp\/v2\/pages\/11\/revisions"}],"predecessor-version":[{"id":32,"href":"https:\/\/www.jdipgt.sa.com\/index.php\/wp-json\/wp\/v2\/pages\/11\/revisions\/32"}],"wp:attachment":[{"href":"https:\/\/www.jdipgt.sa.com\/index.php\/wp-json\/wp\/v2\/media?parent=11"}],"curies":[{"name":"wp","href":"https:\/\/api.w.org\/{rel}","templated":true}]}}